{"id":1124,"date":"2025-02-05T21:13:28","date_gmt":"2025-02-05T20:13:28","guid":{"rendered":"https:\/\/casaprime.mx\/?page_id=1124"},"modified":"2025-03-07T12:53:06","modified_gmt":"2025-03-07T18:53:06","slug":"politica-de-privacidad","status":"publish","type":"page","link":"https:\/\/casaprime.mx\/en\/politica-de-privacidad\/","title":{"rendered":"Politica de privacidad"},"content":{"rendered":"<div data-elementor-type=\"wp-page\" data-elementor-id=\"1124\" class=\"elementor elementor-1124\" data-elementor-post-type=\"page\">\n\t\t\t\t\t\t<section class=\"elementor-section elementor-top-section elementor-element elementor-element-83b5173 elementor-section-full_width elementor-section-height-min-height elementor-section-height-default elementor-section-items-middle\" data-id=\"83b5173\" data-element_type=\"section\" data-e-type=\"section\" data-settings=\"{&quot;background_background&quot;:&quot;classic&quot;}\">\n\t\t\t\t\t\t\t<div class=\"elementor-background-overlay\"><\/div>\n\t\t\t\t\t\t\t<div class=\"elementor-container elementor-column-gap-no\">\n\t\t\t\t\t<div class=\"elementor-column elementor-col-100 elementor-top-column elementor-element elementor-element-726e90d\" data-id=\"726e90d\" data-element_type=\"column\" data-e-type=\"column\">\n\t\t\t<div class=\"elementor-widget-wrap elementor-element-populated\">\n\t\t\t\t\t\t<div class=\"elementor-element elementor-element-7ba1b0c elementor-widget elementor-widget-heading\" data-id=\"7ba1b0c\" data-element_type=\"widget\" data-e-type=\"widget\" data-widget_type=\"heading.default\">\n\t\t\t\t<div class=\"elementor-widget-container\">\n\t\t\t\t\t<h2 class=\"elementor-heading-title elementor-size-default translation-block\">AVISO DE PRIVACIDAD INTEGRAL <br>\r\nINFORMES, SERVICIOS y FACTURACI\u00d3N<\/h2>\t\t\t\t<\/div>\n\t\t\t\t<\/div>\n\t\t\t\t\t<\/div>\n\t\t<\/div>\n\t\t\t\t\t<\/div>\n\t\t<\/section>\n\t\t\t\t<section class=\"elementor-section elementor-top-section elementor-element elementor-element-12fc586 elementor-section-boxed elementor-section-height-default elementor-section-height-default\" data-id=\"12fc586\" data-element_type=\"section\" data-e-type=\"section\">\n\t\t\t\t\t\t<div class=\"elementor-container elementor-column-gap-default\">\n\t\t\t\t\t<div class=\"elementor-column elementor-col-100 elementor-top-column elementor-element elementor-element-6a7ff71\" data-id=\"6a7ff71\" data-element_type=\"column\" data-e-type=\"column\">\n\t\t\t<div class=\"elementor-widget-wrap elementor-element-populated\">\n\t\t\t\t\t\t<div class=\"elementor-element elementor-element-f86b080 elementor-widget elementor-widget-text-editor\" data-id=\"f86b080\" data-element_type=\"widget\" data-e-type=\"widget\" data-widget_type=\"text-editor.default\">\n\t\t\t\t<div class=\"elementor-widget-container\">\n\t\t\t\t\t\t\t\t\t<p><b>A. Identidad y domicilio del Responsable<\/b><\/p><p class=\"p2\">En virtud de lo dispuesto por la Ley Federal de Protecci\u00f3n de Datos Personales en Posesi\u00f3n de los Particulares (en adelante, la \u201cLFPD\u201d) y resto de disposiciones aplicables, <b>REVOLUCI\u00d3N EN MOVIMIENTO, S.A.P.I. DE C.V., empresa autorizada para el uso de la marca &#8220;Casa Prime&#8221; <\/b>(en adelante el \u201cResponsable\u201d), con domicilio para o\u00edr y recibir notificaciones en Juan Salvador Agraz n\u00famero 61, Piso 9, oficina 902, Colonia Santa Fe Cuajimalpa, Alcald\u00eda Cuajimalpa de Morelos, C\u00f3digo Postal 05348, Ciudad de M\u00e9xico, M\u00e9xico; le informa de forma expresa:<\/p><p><b>B. Datos personales recabados y sometidos a tratamiento. <\/b><\/p><p class=\"p3\">For the development of the purposes described in this Privacy Notice, we collect or may collect the following categories of personal data:<\/p><ol class=\"ol2\"><li class=\"li4\">Identification and contact data,<\/li><li class=\"li4\">Personal characteristics data,<\/li><li class=\"li4\">Commercial information data,<\/li><li class=\"li5\">Asset and\/or financial data.<\/li><\/ol><div>\u00a0<\/div><p class=\"p6\">The Responsible Party does not directly collect personal data from minors through forms, questionnaires, or its website.<\/p><p class=\"p6\">If any data subject is a minor at the time of providing their information to the Responsible Party, it will be considered that the data subject has obtained authorization from their parents or guardians to do so and that they have informed them of the purpose of providing their data, unless proven or declared otherwise.<\/p><p class=\"p7\">The parents or guardians of minors may exercise at any time the rights recognized by the LFPD in relation to the personal data of the minors under their care, and direct any clarification regarding the use of such data to the Responsible Party, through the means established in this Privacy Notice.<\/p><p><b>C. Tratamiento de datos personales sensibles<\/b><\/p><p class=\"p3\">For the fulfillment of the purposes indicated in the following section, the Responsible Party does not collect sensitive personal data.<\/p><p><b>D. Finalidades del tratamiento<\/b><\/p><p><b>a) Finalidades originarias y necesarias: <\/b><\/p><ol class=\"ol2\"><li class=\"li4\">Facturaci\u00f3n de compra.<\/li><li class=\"li4\">Informar al solicitante sobre los servicios prestados por el Responsable,<b> <\/b>incluyendo sus modalidades y precios.<\/li><li class=\"li4\">Facilitar la contrataci\u00f3n de los servicios ofrecidos por el Responsable.<\/li><li class=\"li4\">Cuando as\u00ed lo solicite personalmente o a trav\u00e9s de nuestra p\u00e1gina web, proporcionar a usted o a quien designe la cotizaci\u00f3n de nuestros servicios.<\/li><li class=\"li4\">Contrataci\u00f3n y prestaci\u00f3n de los productos y servicios proporcionados por el Responsable, en cualquiera de las modalidades elegidas.<\/li><li class=\"li4\">Gesti\u00f3n, control, administraci\u00f3n y actualizaci\u00f3n de la informaci\u00f3n relacionada con nuestros clientes para la prestaci\u00f3n de los productos y servicios contratados.<\/li><li class=\"li4\">Gesti\u00f3n, control, administraci\u00f3n y actualizaci\u00f3n de informaci\u00f3n de personas f\u00edsicas que act\u00faan como representantes legales o contactos designados de personas morales, que contratan servicios prestados por el Responsable.<\/li><li class=\"li4\">Gesti\u00f3n, control y administraci\u00f3n de las comunicaciones entre el Responsable y sus clientes.<\/li><li class=\"li4\">Facturaci\u00f3n de los servicios y productos proporcionados, as\u00ed como su cobro judicial o extrajudicial.<\/li><li class=\"li4\">Atenci\u00f3n a clientes a trav\u00e9s de medios electr\u00f3nicos.<\/li><li class=\"li4\">Estad\u00edstica y registro hist\u00f3rico de clientes, incluyendo h\u00e1bitos de consumo.<\/li><\/ol><p><b>b) Finalidades adicionales<\/b><\/p><ol class=\"ol2\"><li class=\"li3\"><b><\/b>Sending information and commercial offers about products and\/or services marketed by the Responsible Party, including information about contests, programs, raffles, and\/or surveys.<\/li><li class=\"li3\">Conduct surveys to assess the quality of our services.<\/li><\/ol><p class=\"p9\">At any time, you may revoke your consent for the processing of your personal data in relation to the additional purposes indicated, through the mechanisms provided in this Privacy Notice and in accordance with applicable legislation.<\/p><p><b>E. Transferencias de datos personales<\/b><\/p><p class=\"p4\">Your personal data may be transferred and processed by parties other than the Responsible Party in the following cases:<\/p><ol class=\"ol2\"><li class=\"li4 translation-block\">Parent companies, subsidiaries, or affiliates of the Responsible Party, or to a parent company; for the purposes of centralized information storage, control of registrations and cancellations, changes related to your contract, as well as for statistical functions and historical record of clients.<\/li><li class=\"li4 translation-block\">Authorities, agencies, or government entities; in compliance with the obligations set forth in the applicable legislation and\/or in compliance with requests made by them.<\/li><li class=\"li3 translation-block\">Collection agencies, for the recovery of unpaid debts and their judicial or extrajudicial collection.<\/li><\/ol><p><b>F. Consentimiento para la transferencia de datos.<\/b><\/p><p class=\"p3\">Para efectuar las transferencias indicadas en los numerales 1 a 3 del apartado anterior, no se requiere su consentimiento de conformidad con el art\u00edculo 37 de la LFPD.<\/p><p class=\"p3\">En todos los dem\u00e1s casos, sus datos personales no ser\u00e1n transferidos a terceros sin su consentimiento, salvo las excepciones previstas en el art\u00edculo 37 de la LFPD y en todo caso cumpliendo las condiciones previstas en el art\u00edculo 17 del Reglamento de la LFPD.<\/p><p><b>G. Ejercicio de los derechos ARCO<\/b><\/p><p class=\"p3\">En todos aquellos casos legalmente procedentes, usted podr\u00e1 ejercer en todo momento sus derechos de Acceso, Rectificaci\u00f3n, Cancelaci\u00f3n y Oposici\u00f3n (ARCO) a trav\u00e9s de los procedimientos que hemos implementado.<\/p><p class=\"p3\">La solicitud correspondiente deber\u00e1 cumplir con los requisitos establecidos en la legislaci\u00f3n vigente, mediante escrito dirigido a nuestro Departamento de Datos Personales, al domicilio indicado en el inciso A de este Aviso. La solicitud deber\u00e1 contener y acompa\u00f1ar lo siguiente:<\/p><ol class=\"ol4\"><li class=\"li4\">Your name and address or another means to communicate the response to your request;<\/li><li class=\"li4\">The documents that prove your identity or, where applicable, legal representation;<\/li><li class=\"li4\">A clear and precise description of the personal data for which any of the ARCO Rights are being exercised; and<\/li><li class=\"li3\">Any other element or document that facilitates the location of the personal data.<\/li><\/ol><p class=\"p3\">The Responsible Party will communicate the decision within a maximum of twenty business days, counted from the date it receives the corresponding request. If the request is accepted, it will be implemented within the following fifteen business days from the date the Responsible Party communicates the response. If the information provided in your request is incorrect or insufficient, or if the necessary documents to prove your identity or legal representation are not included, the Responsible Party will request correction of the deficiencies within five business days following the receipt of your request in order to proceed with it. In these cases, you will have ten business days to address the correction request, starting from the day after you receive this request. The request will be considered as not submitted if you do not respond within this period.<\/p><p class=\"p3\">Alternativamente, usted podr\u00e1 dirigir su solicitud a trav\u00e9s de la direcci\u00f3n <a href=\"mailto:datospersonales@mexicohg.com\"><span class=\"s2\">datospersonales@mexicohg.com<\/span><\/a>, cumpliendo con todos los requisitos anteriormente enumerados, estableciendo como Asunto de la comunicaci\u00f3n \u201cDerechos ARCO y\/o Revocaci\u00f3n del consentimiento\u201d. Los plazos del procedimiento ser\u00e1n los mismos a los mencionados en este apartado. El uso de medios electr\u00f3nicos para el ejercicio de los derechos ARCO autoriza al Responsable para dar respuesta a la solicitud correspondiente a trav\u00e9s del mismo medio, salvo que el propio titular indique otro medio de forma clara y expresa.<\/p><p class=\"p3\">You may obtain the requested information or personal data through simple copies, electronic documents in conventional formats (Word, PDF, etc.), or through any other legitimate means that ensures and accredits the effective exercise of the requested right.<\/p><p class=\"p3\">You will be responsible for keeping your personal data in possession of the Responsible Party up to date. Therefore, you guarantee and are liable, in any case, for the truthfulness, accuracy, validity, and authenticity of the personal data provided, and you commit to keeping them duly updated by notifying the Responsible Party of any changes.<\/p><p><b>H. Revocaci\u00f3n del consentimiento <\/b><\/p><p class=\"p3\">Usted podr\u00e1 revocar su consentimiento para el tratamiento de sus datos personales, sin efectos retroactivos, en todos aquellos casos en que dicha revocaci\u00f3n no suponga la imposibilidad de cumplir obligaciones derivadas de una relaci\u00f3n jur\u00eddica vigente entre usted y el Responsable.<\/p><p class=\"p3\">El procedimiento para la revocaci\u00f3n del consentimiento, en su caso, ser\u00e1 el mismo que el establecido en el apartado inmediato anterior para el ejercicio de los derechos ARCO.<\/p><p><b>I. Limitaciones sobre el uso y divulgaci\u00f3n de sus datos personales <\/b><\/p><p class=\"p3\">Usted podr\u00e1 limitar el uso o divulgaci\u00f3n de sus datos personales dirigiendo la solicitud correspondiente a nuestro Departamento de Datos Personales. Los requisitos para acreditar su identidad, as\u00ed como el procedimiento para atender su solicitud ser\u00e1n los mismos que los se\u00f1alados para el ejercicio de los derechos ARCO.<\/p><p class=\"p3\">El Responsable cuenta con medios y procedimientos para asegurar la inclusi\u00f3n de algunos de sus datos en listados de exclusi\u00f3n propios, cuando usted solicita su inclusi\u00f3n en ellos de forma expresa. El Responsable otorgar\u00e1 a los titulares que soliciten su registro, la constancia de inscripci\u00f3n correspondiente.<\/p><p><b>J. Medios autom\u00e1ticos para recabar datos personales<\/b><\/p><p class=\"p3\">El Responsable utiliza cookies para facilitar la navegaci\u00f3n y comunicaci\u00f3n a trav\u00e9s del sitio web <a href=\"https:\/\/casaprime.mx\/en\/\">https:\/\/casaprime.mx\/<\/a>\u00a0Si usted navega a trav\u00e9s de dicho sitio y\/o env\u00eda informaci\u00f3n a trav\u00e9s del mismo, las cookies utilizadas por el Responsable le permitir\u00e1n recopilar, analizar y conservar informaci\u00f3n t\u00e9cnica relacionada con sus h\u00e1bitos de navegaci\u00f3n y uso de dichos canales de comunicaci\u00f3n, a trav\u00e9s de dichos medios electr\u00f3nicos que permiten recabar esta informaci\u00f3n de forma autom\u00e1tica, en el momento mismo en que el usuario hace uso de nuestros servicios electr\u00f3nicos.<\/p><p class=\"p3\">Para obtener informaci\u00f3n m\u00e1s detallada acerca de las cookies y la forma en que puede deshabilitarlas en funci\u00f3n de su navegador y sistema operativo, recomendamos visitar el sitio <a href=\"https:\/\/www.allaboutcookies.org\"><span class=\"s2\">www.allaboutcookies.org<\/span><\/a>. Si desactiva las cookies, es posible que usted no pueda usar determinadas partes del sitio web\u00a0<span style=\"color: #987b1a;\">https:\/\/casaprime.mx\/<\/span><\/p><p><b>K. Modificaciones o actualizaciones al presente Aviso de Privacidad Integral <\/b><\/p><p class=\"p3\">El Responsable podr\u00e1 modificar, actualizar, extender o de cualquier otra forma cambiar el contenido y alcance del presente Aviso de Privacidad, en cualquier momento y bajo su completa discreci\u00f3n. En tales casos, publicaremos dichos cambios en el sitio web <a href=\"https:\/\/casaprime.mx\/en\/\"><span class=\"s3\">https:\/\/casaprime.mx\/<\/span><\/a>., Secci\u00f3n \u201cAvisos de Privacidad\u201d.<\/p><p class=\"p3\">Tambi\u00e9n podr\u00e1n comunicarse cambios al presente Aviso de Privacidad v\u00eda correo electr\u00f3nico, cuando dicho medio hubiese sido establecido como canal de comunicaci\u00f3n entre usted y el Responsable, durante la vigencia de una relaci\u00f3n jur\u00eddica.<\/p><p><b>L. Negativa(s) para el tratamiento<\/b><\/p><p class=\"p3\">En todo momento usted podr\u00e1 manifestar su negativa al tratamiento de sus datos personales para las finalidades adicionales se\u00f1aladas en el presente documento. Al respecto, podr\u00e1 manifestar su negativa durante cualquier fase del tratamiento al correo datospersonales@mexicohg.com, expresando su voluntad.<\/p><p class=\"p4\">No deseo recibir informaci\u00f3n y ofertas comerciales sobre productos y\/o servicios comercializados por el Responsable, incluyendo informaci\u00f3n sobre concursos, programas, rifas y\/o encuestas.<\/p><p class=\"p4\">No deseo participar en encuestas del Responsable.<\/p><p class=\"p3\">Si usted tiene acceso a este Aviso de Privacidad por medios electr\u00f3nicos o en nuestros establecimientos, o si desea comunicar su negativa en cualquier momento posterior a la entrega de sus datos, podr\u00e1 comunicar en cualquier momento su decisi\u00f3n a trav\u00e9s de los medios establecidos para el ejercicio de sus derechos ARCO.<\/p><p class=\"p10\">Fecha de \u00faltima actualizaci\u00f3n:<\/p><p class=\"p11\">31 de octubre de 2024<\/p>\t\t\t\t\t\t\t\t<\/div>\n\t\t\t\t<\/div>\n\t\t\t\t\t<\/div>\n\t\t<\/div>\n\t\t\t\t\t<\/div>\n\t\t<\/section>\n\t\t\t\t<\/div>","protected":false},"excerpt":{"rendered":"<p>AVISO DE PRIVACIDAD INTEGRAL INFORMES, SERVICIOS y FACTURACI\u00d3N A. Identidad y domicilio del Responsable En virtud de lo dispuesto por la Ley Federal de Protecci\u00f3n de Datos Personales en Posesi\u00f3n de los Particulares (en adelante, la \u201cLFPD\u201d) y resto de disposiciones aplicables, REVOLUCI\u00d3N EN MOVIMIENTO, S.A.P.I. DE C.V., empresa autorizada para el uso de la [&hellip;]<\/p>","protected":false},"author":1,"featured_media":0,"parent":0,"menu_order":0,"comment_status":"closed","ping_status":"closed","template":"elementor_header_footer","meta":{"_joinchat":[],"footnotes":""},"class_list":["post-1124","page","type-page","status-publish","hentry"],"_links":{"self":[{"href":"https:\/\/casaprime.mx\/en\/wp-json\/wp\/v2\/pages\/1124","targetHints":{"allow":["GET"]}}],"collection":[{"href":"https:\/\/casaprime.mx\/en\/wp-json\/wp\/v2\/pages"}],"about":[{"href":"https:\/\/casaprime.mx\/en\/wp-json\/wp\/v2\/types\/page"}],"author":[{"embeddable":true,"href":"https:\/\/casaprime.mx\/en\/wp-json\/wp\/v2\/users\/1"}],"replies":[{"embeddable":true,"href":"https:\/\/casaprime.mx\/en\/wp-json\/wp\/v2\/comments?post=1124"}],"version-history":[{"count":58,"href":"https:\/\/casaprime.mx\/en\/wp-json\/wp\/v2\/pages\/1124\/revisions"}],"predecessor-version":[{"id":1755,"href":"https:\/\/casaprime.mx\/en\/wp-json\/wp\/v2\/pages\/1124\/revisions\/1755"}],"wp:attachment":[{"href":"https:\/\/casaprime.mx\/en\/wp-json\/wp\/v2\/media?parent=1124"}],"curies":[{"name":"wp","href":"https:\/\/api.w.org\/{rel}","templated":true}]}}